{"id":364,"date":"2025-02-17T17:50:02","date_gmt":"2025-02-17T17:50:02","guid":{"rendered":"https:\/\/www.berousekproduction.com\/?page_id=364"},"modified":"2025-02-20T11:31:22","modified_gmt":"2025-02-20T11:31:22","slug":"personal","status":"publish","type":"page","link":"https:\/\/www.berousekproduction.com\/index.php\/personal\/","title":{"rendered":"PERSON\u00c1L"},"content":{"rendered":"\t\t<div data-elementor-type=\"wp-page\" data-elementor-id=\"364\" class=\"elementor elementor-364\" data-elementor-post-type=\"page\">\n\t\t\t\t<div class=\"elementor-element elementor-element-37c53c7 e-flex e-con-boxed e-con e-parent\" data-id=\"37c53c7\" data-element_type=\"container\" data-settings=\"{&quot;background_background&quot;:&quot;classic&quot;}\">\n\t\t\t\t\t<div class=\"e-con-inner\">\n\t\t\t\t<div class=\"elementor-element elementor-element-98e876f elementor-widget elementor-widget-heading\" data-id=\"98e876f\" data-element_type=\"widget\" data-widget_type=\"heading.default\">\n\t\t\t\t<div class=\"elementor-widget-container\">\n\t\t\t\t\t<h2 class=\"elementor-heading-title elementor-size-default\">PERSON\u00c1L NA STAVBU VA\u0160\u00cdCH AKC\u00cd <\/h2>\t\t\t\t<\/div>\n\t\t\t\t<\/div>\n\t\t\t\t\t<\/div>\n\t\t\t\t<\/div>\n\t\t<div class=\"elementor-element elementor-element-b7bb12d e-flex e-con-boxed e-con e-parent\" data-id=\"b7bb12d\" data-element_type=\"container\">\n\t\t\t\t\t<div class=\"e-con-inner\">\n\t\t\t\t<div class=\"elementor-element elementor-element-d6ec18f elementor-widget-divider--view-line elementor-widget elementor-widget-divider\" data-id=\"d6ec18f\" data-element_type=\"widget\" data-widget_type=\"divider.default\">\n\t\t\t\t<div class=\"elementor-widget-container\">\n\t\t\t\t\t\t\t<div class=\"elementor-divider\">\n\t\t\t<span class=\"elementor-divider-separator\">\n\t\t\t\t\t\t<\/span>\n\t\t<\/div>\n\t\t\t\t\t\t<\/div>\n\t\t\t\t<\/div>\n\t\t\t\t<div class=\"elementor-element elementor-element-527c543 elementor-widget elementor-widget-heading\" data-id=\"527c543\" data-element_type=\"widget\" data-widget_type=\"heading.default\">\n\t\t\t\t<div class=\"elementor-widget-container\">\n\t\t\t\t\t<h2 class=\"elementor-heading-title elementor-size-default\"><font color=\"#fffb00\">PERSON\u00c1L NA STAVBU A P\u0158EVOZ VA\u0160EHO PROJEKTU <\/font><\/h2>\t\t\t\t<\/div>\n\t\t\t\t<\/div>\n\t\t\t\t\t<\/div>\n\t\t\t\t<\/div>\n\t\t<div class=\"elementor-element elementor-element-5a62ee8 e-flex e-con-boxed e-con e-parent\" data-id=\"5a62ee8\" data-element_type=\"container\">\n\t\t\t\t\t<div class=\"e-con-inner\">\n\t\t<div class=\"elementor-element elementor-element-1ca7cc4 e-grid e-con-full e-con e-child\" data-id=\"1ca7cc4\" data-element_type=\"container\">\n\t\t\t\t<div class=\"elementor-element elementor-element-8c9d882 elementor-widget elementor-widget-image\" data-id=\"8c9d882\" data-element_type=\"widget\" data-widget_type=\"image.default\">\n\t\t\t\t<div class=\"elementor-widget-container\">\n\t\t\t\t\t\t\t\t\t\t\t\t\t\t\t<img fetchpriority=\"high\" decoding=\"async\" width=\"1024\" height=\"768\" src=\"https:\/\/www.berousekproduction.com\/wp-content\/uploads\/2025\/02\/KNIE-LIDI-1024x768.jpg\" class=\"attachment-large size-large wp-image-213\" alt=\"\" srcset=\"https:\/\/www.berousekproduction.com\/wp-content\/uploads\/2025\/02\/KNIE-LIDI-1024x768.jpg 1024w, https:\/\/www.berousekproduction.com\/wp-content\/uploads\/2025\/02\/KNIE-LIDI-300x225.jpg 300w, https:\/\/www.berousekproduction.com\/wp-content\/uploads\/2025\/02\/KNIE-LIDI-768x576.jpg 768w, https:\/\/www.berousekproduction.com\/wp-content\/uploads\/2025\/02\/KNIE-LIDI-1536x1152.jpg 1536w, https:\/\/www.berousekproduction.com\/wp-content\/uploads\/2025\/02\/KNIE-LIDI.jpg 1600w\" sizes=\"(max-width: 1024px) 100vw, 1024px\" \/>\t\t\t\t\t\t\t\t\t\t\t\t\t\t\t<\/div>\n\t\t\t\t<\/div>\n\t\t\t\t<div class=\"elementor-element elementor-element-e80f71e elementor-widget elementor-widget-heading\" data-id=\"e80f71e\" data-element_type=\"widget\" data-widget_type=\"heading.default\">\n\t\t\t\t<div class=\"elementor-widget-container\">\n\t\t\t\t\t<h2 class=\"elementor-heading-title elementor-size-default\">circus knie \ud83c\udde8\ud83c\udded<\/h2>\t\t\t\t<\/div>\n\t\t\t\t<\/div>\n\t\t\t\t<div class=\"elementor-element elementor-element-cf0e9c2 elementor-widget-divider--view-line elementor-widget elementor-widget-divider\" data-id=\"cf0e9c2\" data-element_type=\"widget\" data-widget_type=\"divider.default\">\n\t\t\t\t<div class=\"elementor-widget-container\">\n\t\t\t\t\t\t\t<div class=\"elementor-divider\">\n\t\t\t<span class=\"elementor-divider-separator\">\n\t\t\t\t\t\t<\/span>\n\t\t<\/div>\n\t\t\t\t\t\t<\/div>\n\t\t\t\t<\/div>\n\t\t\t\t<div class=\"elementor-element elementor-element-c3d596d elementor-widget elementor-widget-image\" data-id=\"c3d596d\" data-element_type=\"widget\" data-widget_type=\"image.default\">\n\t\t\t\t<div class=\"elementor-widget-container\">\n\t\t\t\t\t\t\t\t\t\t\t\t\t\t\t<img decoding=\"async\" width=\"719\" height=\"1024\" src=\"https:\/\/www.berousekproduction.com\/wp-content\/uploads\/2025\/02\/KRONE-LIDI-719x1024.jpg\" class=\"attachment-large size-large wp-image-212\" alt=\"\" srcset=\"https:\/\/www.berousekproduction.com\/wp-content\/uploads\/2025\/02\/KRONE-LIDI-719x1024.jpg 719w, https:\/\/www.berousekproduction.com\/wp-content\/uploads\/2025\/02\/KRONE-LIDI-211x300.jpg 211w, https:\/\/www.berousekproduction.com\/wp-content\/uploads\/2025\/02\/KRONE-LIDI.jpg 757w\" sizes=\"(max-width: 719px) 100vw, 719px\" \/>\t\t\t\t\t\t\t\t\t\t\t\t\t\t\t<\/div>\n\t\t\t\t<\/div>\n\t\t\t\t<div class=\"elementor-element elementor-element-9205769 elementor-widget elementor-widget-heading\" data-id=\"9205769\" data-element_type=\"widget\" data-widget_type=\"heading.default\">\n\t\t\t\t<div class=\"elementor-widget-container\">\n\t\t\t\t\t<h2 class=\"elementor-heading-title elementor-size-default\">circus krone \ud83c\udde9\ud83c\uddea<\/h2>\t\t\t\t<\/div>\n\t\t\t\t<\/div>\n\t\t\t\t<div class=\"elementor-element elementor-element-f79c811 elementor-widget-divider--view-line elementor-widget elementor-widget-divider\" data-id=\"f79c811\" data-element_type=\"widget\" data-widget_type=\"divider.default\">\n\t\t\t\t<div class=\"elementor-widget-container\">\n\t\t\t\t\t\t\t<div class=\"elementor-divider\">\n\t\t\t<span class=\"elementor-divider-separator\">\n\t\t\t\t\t\t<\/span>\n\t\t<\/div>\n\t\t\t\t\t\t<\/div>\n\t\t\t\t<\/div>\n\t\t\t\t<div class=\"elementor-element elementor-element-b562b9a elementor-widget elementor-widget-image\" data-id=\"b562b9a\" data-element_type=\"widget\" data-widget_type=\"image.default\">\n\t\t\t\t<div class=\"elementor-widget-container\">\n\t\t\t\t\t\t\t\t\t\t\t\t\t\t\t<img decoding=\"async\" width=\"675\" height=\"1024\" src=\"https:\/\/www.berousekproduction.com\/wp-content\/uploads\/2025\/02\/DAS-ZELT-LIDI-675x1024.jpg\" class=\"attachment-large size-large wp-image-392\" alt=\"\" srcset=\"https:\/\/www.berousekproduction.com\/wp-content\/uploads\/2025\/02\/DAS-ZELT-LIDI-675x1024.jpg 675w, https:\/\/www.berousekproduction.com\/wp-content\/uploads\/2025\/02\/DAS-ZELT-LIDI-198x300.jpg 198w, https:\/\/www.berousekproduction.com\/wp-content\/uploads\/2025\/02\/DAS-ZELT-LIDI.jpg 751w\" sizes=\"(max-width: 675px) 100vw, 675px\" \/>\t\t\t\t\t\t\t\t\t\t\t\t\t\t\t<\/div>\n\t\t\t\t<\/div>\n\t\t\t\t<div class=\"elementor-element elementor-element-508fb55 elementor-widget elementor-widget-heading\" data-id=\"508fb55\" data-element_type=\"widget\" data-widget_type=\"heading.default\">\n\t\t\t\t<div class=\"elementor-widget-container\">\n\t\t\t\t\t<h2 class=\"elementor-heading-title elementor-size-default\">das zelt \ud83c\udde8\ud83c\udded<\/h2>\t\t\t\t<\/div>\n\t\t\t\t<\/div>\n\t\t\t\t<div class=\"elementor-element elementor-element-264e73a elementor-widget-divider--view-line elementor-widget elementor-widget-divider\" data-id=\"264e73a\" data-element_type=\"widget\" data-widget_type=\"divider.default\">\n\t\t\t\t<div class=\"elementor-widget-container\">\n\t\t\t\t\t\t\t<div class=\"elementor-divider\">\n\t\t\t<span class=\"elementor-divider-separator\">\n\t\t\t\t\t\t<\/span>\n\t\t<\/div>\n\t\t\t\t\t\t<\/div>\n\t\t\t\t<\/div>\n\t\t\t\t<div class=\"elementor-element elementor-element-a42a806 elementor-widget elementor-widget-image\" data-id=\"a42a806\" data-element_type=\"widget\" data-widget_type=\"image.default\">\n\t\t\t\t<div class=\"elementor-widget-container\">\n\t\t\t\t\t\t\t\t\t\t\t\t\t\t\t<img loading=\"lazy\" decoding=\"async\" width=\"1024\" height=\"768\" src=\"https:\/\/www.berousekproduction.com\/wp-content\/uploads\/2025\/02\/VALENTINO-LIDI-1024x768.jpg\" class=\"attachment-large size-large wp-image-393\" alt=\"\" srcset=\"https:\/\/www.berousekproduction.com\/wp-content\/uploads\/2025\/02\/VALENTINO-LIDI-1024x768.jpg 1024w, https:\/\/www.berousekproduction.com\/wp-content\/uploads\/2025\/02\/VALENTINO-LIDI-300x225.jpg 300w, https:\/\/www.berousekproduction.com\/wp-content\/uploads\/2025\/02\/VALENTINO-LIDI-768x576.jpg 768w, https:\/\/www.berousekproduction.com\/wp-content\/uploads\/2025\/02\/VALENTINO-LIDI-1536x1152.jpg 1536w, https:\/\/www.berousekproduction.com\/wp-content\/uploads\/2025\/02\/VALENTINO-LIDI.jpg 1600w\" sizes=\"(max-width: 1024px) 100vw, 1024px\" \/>\t\t\t\t\t\t\t\t\t\t\t\t\t\t\t<\/div>\n\t\t\t\t<\/div>\n\t\t\t\t<div class=\"elementor-element elementor-element-68bbb15 elementor-widget elementor-widget-heading\" data-id=\"68bbb15\" data-element_type=\"widget\" data-widget_type=\"heading.default\">\n\t\t\t\t<div class=\"elementor-widget-container\">\n\t\t\t\t\t<h2 class=\"elementor-heading-title elementor-size-default\">variete valentino \ud83c\udde8\ud83c\udded<br><br><\/h2>\t\t\t\t<\/div>\n\t\t\t\t<\/div>\n\t\t\t\t<\/div>\n\t\t\t\t\t<\/div>\n\t\t\t\t<\/div>\n\t\t<div class=\"elementor-element elementor-element-ab46a17 e-flex e-con-boxed e-con e-parent\" data-id=\"ab46a17\" data-element_type=\"container\">\n\t\t\t\t\t<div class=\"e-con-inner\">\n\t\t\t\t<div class=\"elementor-element elementor-element-48d1235 elementor-widget-divider--view-line elementor-widget elementor-widget-divider\" data-id=\"48d1235\" data-element_type=\"widget\" data-widget_type=\"divider.default\">\n\t\t\t\t<div class=\"elementor-widget-container\">\n\t\t\t\t\t\t\t<div class=\"elementor-divider\">\n\t\t\t<span class=\"elementor-divider-separator\">\n\t\t\t\t\t\t<\/span>\n\t\t<\/div>\n\t\t\t\t\t\t<\/div>\n\t\t\t\t<\/div>\n\t\t\t\t<div class=\"elementor-element elementor-element-3f4ab6c elementor-widget elementor-widget-image-gallery\" data-id=\"3f4ab6c\" data-element_type=\"widget\" data-widget_type=\"image-gallery.default\">\n\t\t\t\t<div class=\"elementor-widget-container\">\n\t\t\t\t\t\t\t<div class=\"elementor-image-gallery\">\n\t\t\t<div id='gallery-1' class='gallery galleryid-364 gallery-columns-4 gallery-size-thumbnail'><figure class='gallery-item'>\n\t\t\t<div class='gallery-icon landscape'>\n\t\t\t\t<a data-elementor-open-lightbox=\"yes\" data-elementor-lightbox-slideshow=\"3f4ab6c\" data-e-action-hash=\"#elementor-action%3Aaction%3Dlightbox%26settings%3DeyJpZCI6NDAyLCJ1cmwiOiJodHRwczpcL1wvd3d3LmJlcm91c2VrcHJvZHVjdGlvbi5jb21cL3dwLWNvbnRlbnRcL3VwbG9hZHNcLzIwMjVcLzAyXC80Njk1MzIzNzVfMTAyMjY1OTk0MzMzOTE2NDZfNTg1NTQzNTg5ODQ1MzI2NTk0OV9uLmpwZyIsInNsaWRlc2hvdyI6IjNmNGFiNmMifQ%3D%3D\" href='https:\/\/www.berousekproduction.com\/wp-content\/uploads\/2025\/02\/469532375_10226599433391646_5855435898453265949_n.jpg'><img loading=\"lazy\" decoding=\"async\" width=\"150\" height=\"150\" src=\"https:\/\/www.berousekproduction.com\/wp-content\/uploads\/2025\/02\/469532375_10226599433391646_5855435898453265949_n-150x150.jpg\" class=\"attachment-thumbnail size-thumbnail\" alt=\"\" aria-describedby=\"gallery-1-402\" \/><\/a>\n\t\t\t<\/div>\n\t\t\t\t<figcaption class='wp-caption-text gallery-caption' id='gallery-1-402'>\n\t\t\t\tFLOOR\n\t\t\t\t<\/figcaption><\/figure><figure class='gallery-item'>\n\t\t\t<div class='gallery-icon landscape'>\n\t\t\t\t<a data-elementor-open-lightbox=\"yes\" data-elementor-lightbox-slideshow=\"3f4ab6c\" data-e-action-hash=\"#elementor-action%3Aaction%3Dlightbox%26settings%3DeyJpZCI6NDAxLCJ1cmwiOiJodHRwczpcL1wvd3d3LmJlcm91c2VrcHJvZHVjdGlvbi5jb21cL3dwLWNvbnRlbnRcL3VwbG9hZHNcLzIwMjVcLzAyXC80Njk1MTE5MDdfMTAyMjY1OTk0MzUwMzE2ODdfNDg3ODgyNzEyODQ2NDEwMzkzOV9uLmpwZyIsInNsaWRlc2hvdyI6IjNmNGFiNmMifQ%3D%3D\" href='https:\/\/www.berousekproduction.com\/wp-content\/uploads\/2025\/02\/469511907_10226599435031687_4878827128464103939_n.jpg'><img loading=\"lazy\" decoding=\"async\" width=\"150\" height=\"150\" src=\"https:\/\/www.berousekproduction.com\/wp-content\/uploads\/2025\/02\/469511907_10226599435031687_4878827128464103939_n-150x150.jpg\" class=\"attachment-thumbnail size-thumbnail\" alt=\"\" aria-describedby=\"gallery-1-401\" \/><\/a>\n\t\t\t<\/div>\n\t\t\t\t<figcaption class='wp-caption-text gallery-caption' id='gallery-1-401'>\n\t\t\t\tOUTSIDE WORK\n\t\t\t\t<\/figcaption><\/figure><figure class='gallery-item'>\n\t\t\t<div class='gallery-icon landscape'>\n\t\t\t\t<a data-elementor-open-lightbox=\"yes\" data-elementor-lightbox-slideshow=\"3f4ab6c\" data-e-action-hash=\"#elementor-action%3Aaction%3Dlightbox%26settings%3DeyJpZCI6NDAwLCJ1cmwiOiJodHRwczpcL1wvd3d3LmJlcm91c2VrcHJvZHVjdGlvbi5jb21cL3dwLWNvbnRlbnRcL3VwbG9hZHNcLzIwMjVcLzAyXC80MzI5NDU2MDhfMTAyMjQzNDE2MDM3MDczMTVfNDAxODg0NDA1NzE5MDYzMDEyOV9uLmpwZyIsInNsaWRlc2hvdyI6IjNmNGFiNmMifQ%3D%3D\" href='https:\/\/www.berousekproduction.com\/wp-content\/uploads\/2025\/02\/432945608_10224341603707315_4018844057190630129_n.jpg'><img loading=\"lazy\" decoding=\"async\" width=\"150\" height=\"150\" src=\"https:\/\/www.berousekproduction.com\/wp-content\/uploads\/2025\/02\/432945608_10224341603707315_4018844057190630129_n-150x150.jpg\" class=\"attachment-thumbnail size-thumbnail\" alt=\"\" aria-describedby=\"gallery-1-400\" \/><\/a>\n\t\t\t<\/div>\n\t\t\t\t<figcaption class='wp-caption-text gallery-caption' id='gallery-1-400'>\n\t\t\t\tDOME\n\t\t\t\t<\/figcaption><\/figure><figure class='gallery-item'>\n\t\t\t<div class='gallery-icon landscape'>\n\t\t\t\t<a data-elementor-open-lightbox=\"yes\" data-elementor-lightbox-slideshow=\"3f4ab6c\" data-e-action-hash=\"#elementor-action%3Aaction%3Dlightbox%26settings%3DeyJpZCI6Mzk5LCJ1cmwiOiJodHRwczpcL1wvd3d3LmJlcm91c2VrcHJvZHVjdGlvbi5jb21cL3dwLWNvbnRlbnRcL3VwbG9hZHNcLzIwMjVcLzAyXC80NzM3NDA4NDJfMTAyMjY4MTE4MjMxNDEyNTdfMzU4NDg0NDM3Njg3NDg4MDY5X24uanBnIiwic2xpZGVzaG93IjoiM2Y0YWI2YyJ9\" href='https:\/\/www.berousekproduction.com\/wp-content\/uploads\/2025\/02\/473740842_10226811823141257_358484437687488069_n.jpg'><img loading=\"lazy\" decoding=\"async\" width=\"150\" height=\"150\" src=\"https:\/\/www.berousekproduction.com\/wp-content\/uploads\/2025\/02\/473740842_10226811823141257_358484437687488069_n-150x150.jpg\" class=\"attachment-thumbnail size-thumbnail\" alt=\"\" aria-describedby=\"gallery-1-399\" \/><\/a>\n\t\t\t<\/div>\n\t\t\t\t<figcaption class='wp-caption-text gallery-caption' id='gallery-1-399'>\n\t\t\t\tDOME\n\t\t\t\t<\/figcaption><\/figure><figure class='gallery-item'>\n\t\t\t<div class='gallery-icon landscape'>\n\t\t\t\t<a data-elementor-open-lightbox=\"yes\" data-elementor-lightbox-slideshow=\"3f4ab6c\" data-e-action-hash=\"#elementor-action%3Aaction%3Dlightbox%26settings%3DeyJpZCI6Mzk4LCJ1cmwiOiJodHRwczpcL1wvd3d3LmJlcm91c2VrcHJvZHVjdGlvbi5jb21cL3dwLWNvbnRlbnRcL3VwbG9hZHNcLzIwMjVcLzAyXC8zMTMxMTUyOTRfMTAyMjE1MjI4MjI0Mzk1NDVfNzQ1Njc1MjIzMDYwNDA3MjgwMl9uLmpwZyIsInNsaWRlc2hvdyI6IjNmNGFiNmMifQ%3D%3D\" href='https:\/\/www.berousekproduction.com\/wp-content\/uploads\/2025\/02\/313115294_10221522822439545_7456752230604072802_n.jpg'><img loading=\"lazy\" decoding=\"async\" width=\"150\" height=\"150\" src=\"https:\/\/www.berousekproduction.com\/wp-content\/uploads\/2025\/02\/313115294_10221522822439545_7456752230604072802_n-150x150.jpg\" class=\"attachment-thumbnail size-thumbnail\" alt=\"\" aria-describedby=\"gallery-1-398\" \/><\/a>\n\t\t\t<\/div>\n\t\t\t\t<figcaption class='wp-caption-text gallery-caption' id='gallery-1-398'>\n\t\t\t\tWORKERS\n\t\t\t\t<\/figcaption><\/figure><figure class='gallery-item'>\n\t\t\t<div class='gallery-icon landscape'>\n\t\t\t\t<a data-elementor-open-lightbox=\"yes\" data-elementor-lightbox-slideshow=\"3f4ab6c\" data-e-action-hash=\"#elementor-action%3Aaction%3Dlightbox%26settings%3DeyJpZCI6Mzk3LCJ1cmwiOiJodHRwczpcL1wvd3d3LmJlcm91c2VrcHJvZHVjdGlvbi5jb21cL3dwLWNvbnRlbnRcL3VwbG9hZHNcLzIwMjVcLzAyXC8yOTE3NzE3NjdfMTAyMjA5MTA5NTAwNjMxMThfNDg3MDc1NzI2MDMwMjYzNTc1N19uLmpwZyIsInNsaWRlc2hvdyI6IjNmNGFiNmMifQ%3D%3D\" href='https:\/\/www.berousekproduction.com\/wp-content\/uploads\/2025\/02\/291771767_10220910950063118_4870757260302635757_n.jpg'><img loading=\"lazy\" decoding=\"async\" width=\"150\" height=\"150\" src=\"https:\/\/www.berousekproduction.com\/wp-content\/uploads\/2025\/02\/291771767_10220910950063118_4870757260302635757_n-150x150.jpg\" class=\"attachment-thumbnail size-thumbnail\" alt=\"\" aria-describedby=\"gallery-1-397\" \/><\/a>\n\t\t\t<\/div>\n\t\t\t\t<figcaption class='wp-caption-text gallery-caption' id='gallery-1-397'>\n\t\t\t\tBOBCAT\n\t\t\t\t<\/figcaption><\/figure><figure class='gallery-item'>\n\t\t\t<div class='gallery-icon landscape'>\n\t\t\t\t<a data-elementor-open-lightbox=\"yes\" data-elementor-lightbox-slideshow=\"3f4ab6c\" data-e-action-hash=\"#elementor-action%3Aaction%3Dlightbox%26settings%3DeyJpZCI6Mzk2LCJ1cmwiOiJodHRwczpcL1wvd3d3LmJlcm91c2VrcHJvZHVjdGlvbi5jb21cL3dwLWNvbnRlbnRcL3VwbG9hZHNcLzIwMjVcLzAyXC8yNTU5NzIyNjdfMTAyMTk5MjE5ODk4OTk3MzJfNjI3NjYzMDU2ODA4OTg0Nzg0MV9uLmpwZyIsInNsaWRlc2hvdyI6IjNmNGFiNmMifQ%3D%3D\" href='https:\/\/www.berousekproduction.com\/wp-content\/uploads\/2025\/02\/255972267_10219921989899732_6276630568089847841_n.jpg'><img loading=\"lazy\" decoding=\"async\" width=\"150\" height=\"150\" src=\"https:\/\/www.berousekproduction.com\/wp-content\/uploads\/2025\/02\/255972267_10219921989899732_6276630568089847841_n-150x150.jpg\" class=\"attachment-thumbnail size-thumbnail\" alt=\"\" aria-describedby=\"gallery-1-396\" \/><\/a>\n\t\t\t<\/div>\n\t\t\t\t<figcaption class='wp-caption-text gallery-caption' id='gallery-1-396'>\n\t\t\t\tMANITOU\n\t\t\t\t<\/figcaption><\/figure><figure class='gallery-item'>\n\t\t\t<div class='gallery-icon landscape'>\n\t\t\t\t<a data-elementor-open-lightbox=\"yes\" data-elementor-lightbox-slideshow=\"3f4ab6c\" data-e-action-hash=\"#elementor-action%3Aaction%3Dlightbox%26settings%3DeyJpZCI6Mzk1LCJ1cmwiOiJodHRwczpcL1wvd3d3LmJlcm91c2VrcHJvZHVjdGlvbi5jb21cL3dwLWNvbnRlbnRcL3VwbG9hZHNcLzIwMjVcLzAyXC8xMjc2NjQ4NDVfMTAyMTc5MDYzOTE3OTEwMzlfNzMxODE1NTU3MTIxMjcyNzAyMV9uLmpwZyIsInNsaWRlc2hvdyI6IjNmNGFiNmMifQ%3D%3D\" href='https:\/\/www.berousekproduction.com\/wp-content\/uploads\/2025\/02\/127664845_10217906391791039_7318155571212727021_n.jpg'><img loading=\"lazy\" decoding=\"async\" width=\"150\" height=\"150\" src=\"https:\/\/www.berousekproduction.com\/wp-content\/uploads\/2025\/02\/127664845_10217906391791039_7318155571212727021_n-150x150.jpg\" class=\"attachment-thumbnail size-thumbnail\" alt=\"\" aria-describedby=\"gallery-1-395\" \/><\/a>\n\t\t\t<\/div>\n\t\t\t\t<figcaption class='wp-caption-text gallery-caption' id='gallery-1-395'>\n\t\t\t\tMAST \n\t\t\t\t<\/figcaption><\/figure>\n\t\t<\/div>\n\t\t<\/div>\n\t\t\t\t\t\t<\/div>\n\t\t\t\t<\/div>\n\t\t\t\t\t<\/div>\n\t\t\t\t<\/div>\n\t\t\t\t<\/div>\n\t\t","protected":false},"excerpt":{"rendered":"<p>PERSON\u00c1L NA STAVBU VA\u0160\u00cdCH AKC\u00cd PERSON\u00c1L NA STAVBU A P\u0158EVOZ VA\u0160EHO PROJEKTU circus knie \ud83c\udde8\ud83c\udded circus krone \ud83c\udde9\ud83c\uddea das zelt [&hellip;]<\/p>\n","protected":false},"author":1,"featured_media":0,"parent":0,"menu_order":0,"comment_status":"closed","ping_status":"closed","template":"","meta":{"site-sidebar-layout":"no-sidebar","site-content-layout":"","ast-site-content-layout":"full-width-container","site-content-style":"default","site-sidebar-style":"default","ast-global-header-display":"","ast-banner-title-visibility":"","ast-main-header-display":"","ast-hfb-above-header-display":"","ast-hfb-below-header-display":"","ast-hfb-mobile-header-display":"","site-post-title":"disabled","ast-breadcrumbs-content":"","ast-featured-img":"disabled","footer-sml-layout":"","theme-transparent-header-meta":"default","adv-header-id-meta":"","stick-header-meta":"","header-above-stick-meta":"","header-main-stick-meta":"","header-below-stick-meta":"","astra-migrate-meta-layouts":"set","ast-page-background-enabled":"default","ast-page-background-meta":{"desktop":{"background-color":"var(--ast-global-color-5)","background-image":"","background-repeat":"repeat","background-position":"center center","background-size":"auto","background-attachment":"scroll","background-type":"","background-media":"","overlay-type":"","overlay-color":"","overlay-opacity":"","overlay-gradient":""},"tablet":{"background-color":"","background-image":"","background-repeat":"repeat","background-position":"center center","background-size":"auto","background-attachment":"scroll","background-type":"","background-media":"","overlay-type":"","overlay-color":"","overlay-opacity":"","overlay-gradient":""},"mobile":{"background-color":"","background-image":"","background-repeat":"repeat","background-position":"center center","background-size":"auto","background-attachment":"scroll","background-type":"","background-media":"","overlay-type":"","overlay-color":"","overlay-opacity":"","overlay-gradient":""}},"ast-content-background-meta":{"desktop":{"background-color":"var(--ast-global-color-4)","background-image":"","background-repeat":"repeat","background-position":"center center","background-size":"auto","background-attachment":"scroll","background-type":"","background-media":"","overlay-type":"","overlay-color":"","overlay-opacity":"","overlay-gradient":""},"tablet":{"background-color":"var(--ast-global-color-4)","background-image":"","background-repeat":"repeat","background-position":"center center","background-size":"auto","background-attachment":"scroll","background-type":"","background-media":"","overlay-type":"","overlay-color":"","overlay-opacity":"","overlay-gradient":""},"mobile":{"background-color":"var(--ast-global-color-4)","background-image":"","background-repeat":"repeat","background-position":"center center","background-size":"auto","background-attachment":"scroll","background-type":"","background-media":"","overlay-type":"","overlay-color":"","overlay-opacity":"","overlay-gradient":""}},"footnotes":""},"class_list":["post-364","page","type-page","status-publish","hentry"],"_links":{"self":[{"href":"https:\/\/www.berousekproduction.com\/index.php\/wp-json\/wp\/v2\/pages\/364","targetHints":{"allow":["GET"]}}],"collection":[{"href":"https:\/\/www.berousekproduction.com\/index.php\/wp-json\/wp\/v2\/pages"}],"about":[{"href":"https:\/\/www.berousekproduction.com\/index.php\/wp-json\/wp\/v2\/types\/page"}],"author":[{"embeddable":true,"href":"https:\/\/www.berousekproduction.com\/index.php\/wp-json\/wp\/v2\/users\/1"}],"replies":[{"embeddable":true,"href":"https:\/\/www.berousekproduction.com\/index.php\/wp-json\/wp\/v2\/comments?post=364"}],"version-history":[{"count":25,"href":"https:\/\/www.berousekproduction.com\/index.php\/wp-json\/wp\/v2\/pages\/364\/revisions"}],"predecessor-version":[{"id":414,"href":"https:\/\/www.berousekproduction.com\/index.php\/wp-json\/wp\/v2\/pages\/364\/revisions\/414"}],"wp:attachment":[{"href":"https:\/\/www.berousekproduction.com\/index.php\/wp-json\/wp\/v2\/media?parent=364"}],"curies":[{"name":"wp","href":"https:\/\/api.w.org\/{rel}","templated":true}]}}